{"id":2582,"date":"2021-05-03T19:31:02","date_gmt":"2021-05-03T17:31:02","guid":{"rendered":"https:\/\/elterntalk-niedersachsen.de\/?page_id=2582"},"modified":"2022-08-25T16:28:39","modified_gmt":"2022-08-25T14:28:39","slug":"latest","status":"publish","type":"page","link":"https:\/\/elterntalk-niedersachsen.de\/en\/latest\/","title":{"rendered":"Latest"},"content":{"rendered":"<div id=\"pl-2582\"  class=\"panel-layout\" ><div id=\"pg-2582-0\"  class=\"panel-grid panel-no-style\" ><div id=\"pgc-2582-0-0\"  class=\"panel-grid-cell panel-grid-cell-empty\" ><\/div><div id=\"pgc-2582-0-1\"  class=\"panel-grid-cell panel-grid-cell-mobile-last\" ><div id=\"panel-2582-0-1-0\" class=\"so-panel widget widget_sow-editor panel-first-child panel-last-child\" data-index=\"0\" ><div\n\t\t\t\n\t\t\tclass=\"so-widget-sow-editor so-widget-sow-editor-base\"\n\t\t\t\n\t\t>\n<div class=\"siteorigin-widget-tinymce textwidget\">\n\t<h1>The latest<\/h1>\n<p>Stay informed and find current topics and contributions here.<\/p>\n<\/div>\n<\/div><\/div><\/div><div id=\"pgc-2582-0-2\"  class=\"panel-grid-cell panel-grid-cell-empty\" ><\/div><\/div><div id=\"pg-2582-1\"  class=\"panel-grid panel-has-style\" ><div id=\"Aktuelles\" class=\"panel-row-style panel-row-style-for-2582-1\" ><div id=\"pgc-2582-1-0\"  class=\"panel-grid-cell panel-grid-cell-empty\" ><\/div><div id=\"pgc-2582-1-1\"  class=\"panel-grid-cell panel-grid-cell-mobile-last\" ><div id=\"panel-2582-1-1-0\" class=\"so-panel widget widget_pods_widget_list pods_widget_list panel-first-child panel-last-child\" data-index=\"1\"><div class=\"panel-widget-style panel-widget-style-for-2582-1-1-0\"><br>\r\n<h3>Treffen der Moderator*innen 2025<\/h3>\r\n<h5>Juni 2025 | Hannover u. Delmenhorst<\/h5>\r\n<p><p>Die diesj\u00e4hrigen Moderator*innen-Treffen fanden im Juni in Hannover und Delmenhorst statt, an denen Moderator*innen und Regionalbeauftrage fast aller Standorte in Niedersachsen teilnahmen. <\/p>\n<a href=\"https:\/\/elterntalk-niedersachsen.de\/?post_type=news&#038;p=3502\"> \u00bb weiterlesen<\/a><\/p>\r\n\r\n<hr \/><br>\r\n<h3>Gro\u00dfes Engagement von Anfang an<\/h3>\r\n<h5>Juni 2025 | Delmenhorst<\/h5>\r\n<p><p>Die Regionalbeauftragte G\u00fcls\u00fcm Akalan und Standortpartnerin Martina Gaebel sind in der Stadt Delmenhorst seit 2012 fester Teil des Projektes Elterntalk in Niedersachsen und die Zusammenarbeit gepr\u00e4gt von hoher Wertsch\u00e4tzung.<\/p>\n<a href=\"https:\/\/elterntalk-niedersachsen.de\/?post_type=news&#038;p=3497\"> \u00bb weiterlesen<\/a><\/p>\r\n\r\n<hr \/><br>\r\n<h3>Treffen der Regionalbeauftragten in Hannover<\/h3>\r\n<h5>09.12.2024 | Hannover<\/h5>\r\n<p><p>Am 21. und 22.11.24 trafen sich die Regionalbeauftragten zum diesj\u00e4hrigen Austauschtreffen. Neben aktuellen Informationen aus dem Projekt und Neuigkeiten aus den Standorten, gab es am zweiten Tag eine Fortbildung zum Thema \u201eEinladung zum Dialog\u201c mit dem Referenten Johannes Schopp.<\/p>\n<a href=\"https:\/\/elterntalk-niedersachsen.de\/?post_type=news&#038;p=3359\"> \u00bb weiterlesen<\/a><\/p>\r\n\r\n<hr \/><br>\r\n<h3>Elterntalk bei der Fachtagung \u201eFamilie heute\u201c<\/h3>\r\n<h5><\/h5>\r\n<p><p>Am 23.10.24 veranstaltete die Agentur f\u00fcr Erwachsenen- und Weiterbildung (AEWB) eine landesweite Tagung zum Thema \u201eFamilie heute &#8211; Partnerschaftlichkeit im Familienalltag\u201c im Freizeitheim Vahrenwald. <\/p>\n<a href=\"https:\/\/elterntalk-niedersachsen.de\/?post_type=news&#038;p=3300\"> \u00bb weiterlesen<\/a><\/p>\r\n\r\n<hr \/><br>\r\n<h3>Standortbesuch im Landkreis Emsland<\/h3>\r\n<h5><\/h5>\r\n<p><p>Am 12.06.2024 besuchte Projektreferentin Mecbure Oba den langj\u00e4hrigen Elterntalk-Standort Emsland. <\/p>\n<a href=\"https:\/\/elterntalk-niedersachsen.de\/?post_type=news&#038;p=3240\"> \u00bb weiterlesen<\/a><\/p>\r\n\r\n<hr \/><br>\r\n<h3>Moderator*innen-Treffen 2024<\/h3>\r\n<h5>13. Juni 2024<\/h5>\r\n<p><p>Die diesj\u00e4hrigen Moderator*innen-Treffen fanden am 01.06.24 in Oldenburg und am 08.06.24 in Hannover statt. <\/p>\n<a href=\"https:\/\/elterntalk-niedersachsen.de\/?post_type=news&#038;p=3231\"> \u00bb weiterlesen<\/a><\/p>\r\n\r\n<hr \/><br>\r\n<h3>Standortbesuch in Aurich<\/h3>\r\n<h5>24. Mai 2024<\/h5>\r\n<p><p>Am 22.05.2024 besuchte Projektreferentin Mecbure Oba den Elterntalk-Standort Aurich. <\/p>\n<a href=\"https:\/\/elterntalk-niedersachsen.de\/?post_type=news&#038;p=3217\"> \u00bb weiterlesen<\/a><\/p>\r\n\r\n<hr \/><br>\r\n<h3>Neue Regionalbeauftragte in Northeim, Hildesheim und Salzgitter<\/h3>\r\n<h5>18. M\u00e4rz 2024<\/h5>\r\n<p><p>Elterntalk Niedersachen darf in diesem Jahr gleich drei neue Regionalbeauftragte begr\u00fc\u00dfen.<\/p>\n<a href=\"https:\/\/elterntalk-niedersachsen.de\/?post_type=news&#038;p=3095\"> \u00bb weiterlesen<\/a><\/p>\r\n\r\n<hr \/><br>\r\n<h3>Neue Elterntalk-Standorte:  Wilhelmshaven und Landkreis Ammerland<\/h3>\r\n<h5>20. Februar 2024<\/h5>\r\n<p><p>Wir freuen uns \u00fcber zwei weitere Elterntalk-Standorte in Niedersachsen: Die Stadt Wihelmshaven und der Landkreis Ammerland starten mit Elterntalk. <\/p>\n<a href=\"https:\/\/elterntalk-niedersachsen.de\/?post_type=news&#038;p=3056\"> \u00bb weiterlesen<\/a><\/p>\r\n\r\n<hr \/><br>\r\n<h3>7 Jahre Elterntalk in Oldenburg (Stadt)<\/h3>\r\n<h5>13. September 2023 | Oldenburg<\/h5>\r\n<p><p>Seit 2013 in Niedersachsen, seit 2016 in Oldenburg und j\u00e4hrlich \u00fcber 250 Familien, die sich \u00fcber Erziehungsfragen austauschen \u2013 das Format Elterntalk hat sich erfolgreich etabliert und ist ein wichtiger Baustein der Hilfe zur Selbsthilfe im Amt f\u00fcr Jugend und Familie.<\/p>\n<a href=\"https:\/\/elterntalk-niedersachsen.de\/?post_type=news&#038;p=2945\"> \u00bb weiterlesen<\/a><\/p>\r\n\r\n<hr \/><br>\r\n<h3>5 Jahre Elterntalk im Landkreis Oldenburg<\/h3>\r\n<h5>15. September 2023 | Landkreis Oldenburg<\/h5>\r\n<p><p>Das Projekt \u201eElterntalk\u201c, das das Diakonische Werk mit dem Mehrgenerationenhaus Wildeshausen als Standortpartner unterst\u00fctzt, ist im Landkreis Oldenburg seit f\u00fcnf<br \/>\nJahren aktiv. <\/p>\n<a href=\"https:\/\/elterntalk-niedersachsen.de\/?post_type=news&#038;p=2948\"> \u00bb weiterlesen<\/a><\/p>\r\n\r\n<hr \/><br>\r\n<h3>10 Jahre Elterntalk!<\/h3>\r\n<h5>27. Juni 2023 | Hannover<\/h5>\r\n<p><p>Dieser Meilenstein wurde am 27.06.2023 geb\u00fchrend in der Akademie des Sports in Hannover in Form einer Fachveranstaltung gefeiert. Teilgenommen haben zahlreiche Regionalbeauftragte und Netzwerkpartner*innen, sowie Moderator*innen-Teams der 18 Projekt-Standorte aus Niedersachsen und weiteren p\u00e4dagogischen Fachkr\u00e4fte statt.<\/p>\n<a href=\"https:\/\/elterntalk-niedersachsen.de\/?post_type=news&#038;p=2866\"> \u00bb weiterlesen<\/a><\/p>\r\n\r\n<hr \/><br>\r\n<h3>Standortbesuche in Emden und Aurich<\/h3>\r\n<h5>07. & 08. M\u00e4rz 2023 | Emden und Aurich<\/h5>\r\n<p><p>Projektleitung Irina Kubicki besuchte am 7. M\u00e4rz 2023 den Standort in Emden und am 8. M\u00e4rz 2023 den Standort in Aurich. An beiden Terminen wurde Frau Kubicki von den Elterntalk-Mitarbeitenden herzlich empfangen. <\/p>\n<a href=\"https:\/\/elterntalk-niedersachsen.de\/?post_type=news&#038;p=2839\"> \u00bb weiterlesen<\/a><\/p>\r\n\r\n<hr \/><br>\r\n<h3>Neue Standorte gesucht!<\/h3>\r\n<h5>06. Januar 2026 | Hannover<\/h5>\r\n<p><p>Das Projekt Elterntalk hat im Jahr 2026 Kapazit\u00e4ten, neue interessierte Standorte aus Niedersachsen aufzunehmen.<\/p>\n<a href=\"https:\/\/elterntalk-niedersachsen.de\/?post_type=news&#038;p=2709\"> \u00bb weiterlesen<\/a><\/p>\r\n\r\n<hr \/><br>\r\n<h3>Standortbesuch in Delmenhorst<\/h3>\r\n<h5>15. November 2022 | Delmenhorst<\/h5>\r\n<p><p>Am 15.11.2022 traf sich Projektkoordinatorin Nicole Wockenfu\u00df in Delmenhorst mit den Moderatorinnen Nariman Othman, Furozan Effat Hossini, Karima Haidary, Noura Amno und Meliha Demiroglu sowie der Regionalbeauftragten G\u00fcls\u00fcm Akalan und der Standortpartnerin Martina Gaebel. Moderator Seyed Reza Hosseini, der erfolgreich V\u00e4tertalkrunden anbietet, war an diesem Tag leider verhindert.<\/p>\n<a href=\"https:\/\/elterntalk-niedersachsen.de\/?post_type=news&#038;p=2710\"> \u00bb weiterlesen<\/a><\/p>\r\n\r\n<hr \/><br>\r\n<h3>Moderator*innen-Treffen in Hannover und Bremen<\/h3>\r\n<h5>06. September 2022 | Hannover<\/h5>\r\n<p><p>Nach zwei Jahren konnten wir in diesem Jahr endlich wieder unsere beiden Moderator*innentreffen in Pr\u00e4senz stattfinden lassen. Am 30.08. fand ein Moderator*innentreffen in Hannover und am 01.09. in Bremen statt.<\/p>\n<a href=\"https:\/\/elterntalk-niedersachsen.de\/?post_type=news&#038;p=2665\"> \u00bb weiterlesen<\/a><\/p>\r\n\r\n<hr \/><br>\r\n<h3>Standortbesuch in Northeim<\/h3>\r\n<h5>06. Juli 2022 | Northeim<\/h5>\r\n<p><p>Am 06.07.2022 traf sich Projektkoordinatorin Nicole Wockenfu\u00df im Standort Northeim mit der Regionalbeauftragten \u00c5za Thelandersson-Re, den Moderatorinnen Christiane Henze, Nabila Hamoudi und Fatemeh Alizade, sowie der Standortpartnerin Swantje Weber.<\/p>\n<a href=\"https:\/\/elterntalk-niedersachsen.de\/?post_type=news&#038;p=2528\"> \u00bb weiterlesen<\/a><\/p>\r\n\r\n<hr \/><br>\r\n<h3>Austausch und Vernetzung f\u00fcr Eltern<\/h3>\r\n<h5>22. Juni 2022 | Cloppenburg<\/h5>\r\n<p><p>Elterntalk: Austausch und Vernetzung f\u00fcr Eltern<br \/>\nLandkreis Cloppenburg m\u00f6chte offenes Gespr\u00e4chsangebot wieder ausweiten<\/p>\n<a href=\"https:\/\/elterntalk-niedersachsen.de\/?post_type=news&#038;p=2472\"> \u00bb weiterlesen<\/a><\/p>\r\n\r\n<hr \/><br>\r\n<h3>\u201eElterntalk\u201c zu Gast beim Medientalk<\/h3>\r\n<h5>14. Juni 2022 | G\u00f6ttingen<\/h5>\r\n<p><p>Irina Kubicki, Leitung des Projekts Elterntalk Niedersachsen, war zu Gast beim Medientalk Landkreis G\u00f6ttingen. Das Oberthema war &#8220;App in die Schule \u2013 Anton, Antolin und Co&#8221;. <\/p>\n<a href=\"https:\/\/elterntalk-niedersachsen.de\/?post_type=news&#038;p=2462\"> \u00bb weiterlesen<\/a><\/p>\r\n\r\n<hr \/><br>\r\n<h3>Familienleben &#8211; Ank\u00fcndigung des neuen Talkthemas<\/h3>\r\n<h5>02.06.2022 | Hannover<\/h5>\r\n<p><p>In Zusammenarbeit mit Tanja Opitz, der Referentin f\u00fcr Sexualp\u00e4dagogik, hat das das Elterntalk-Team ein neues Talkthema konzipiert. Dieses wird beim \u201eInterkulturellen Kaffeeklatsch\u201c. (Neu: Die Veranstaltung wurde verschoben auf den 05.09.2022)<\/p>\n<a href=\"https:\/\/elterntalk-niedersachsen.de\/?post_type=news&#038;p=2205\"> \u00bb weiterlesen<\/a><\/p>\r\n\r\n<hr \/><br>\r\n<h3>Brosch\u00fcre \u00bbEltern zu Gast bei Eltern\u00ab<\/h3>\r\n<h5>08. November 2021 | Hannover<\/h5>\r\n<p><p>Unsere Aktuelle Brosch\u00fcre \u00bbEltern zu Gast bei Eltern\u00ab, Niedrigschwellige Elternarbeit zu Medien und Erziehungsthemen, k\u00f6nnen Sie hier als PDF herunterladen.<\/p>\n<a href=\"https:\/\/elterntalk-niedersachsen.de\/?post_type=news&#038;p=2062\"> \u00bb weiterlesen<\/a><\/p>\r\n\r\n<hr \/><br>\r\n<h3>J\u00e4hrliches Treffen der Regionalbeauftragten<\/h3>\r\n<h5>14. und 15. September 2021 | Hannover<\/h5>\r\n<p><p>Die zweit\u00e4gige Veranstaltung fand im September 2021 im Stephansstift in Hannover statt. Die Regionalbeauftragten berichteten aus ihren Standorten und tauschten sich mit der Projektkoordinatorin Nicole Wockenfu\u00df \u00fcber die aktuelle Lage sowie den Umgang mit Talks in Zeiten von Corona aus.<\/p>\n<a href=\"https:\/\/elterntalk-niedersachsen.de\/?post_type=news&#038;p=2158\"> \u00bb weiterlesen<\/a><\/p>\r\n\r\n<hr \/><br>\r\n<h3>Wie l\u00e4uft das hier mit der Erziehung?<\/h3>\r\n<h5>07.02.2020<\/h5>\r\n<p><p>Wie viel Zeit darf ein Kind im Internet verbringen? Von welchem Alter an gibt es ein Handy? Welche Spiele sind f\u00fcr Kinder gut geeignet? \u201eViele Migranten wollen wissen, wie die Deutschen mit Erziehungsthemen umgehen, wie sie das so machen\u201c, erz\u00e4hlt \u2026<\/p>\n<a href=\"https:\/\/elterntalk-niedersachsen.de\/?post_type=news&#038;p=2072\"> \u00bb weiterlesen<\/a><\/p>\r\n\r\n<hr \/><\/div><\/div><\/div><div id=\"pgc-2582-1-2\"  class=\"panel-grid-cell panel-grid-cell-empty\" ><\/div><\/div><\/div><\/div>","protected":false},"excerpt":{"rendered":"<p>The latest Stay informed and find current topics and contributions here.<\/p>\n","protected":false},"author":1,"featured_media":0,"parent":0,"menu_order":0,"comment_status":"closed","ping_status":"closed","template":"page-builder.php","meta":{"_acf_changed":false,"inline_featured_image":false,"_genesis_hide_title":false,"_genesis_hide_breadcrumbs":false,"_genesis_hide_singular_image":false,"_genesis_hide_footer_widgets":false,"_genesis_custom_body_class":"","_genesis_custom_post_class":"","_genesis_layout":"","footnotes":""},"class_list":{"0":"post-2582","1":"page","2":"type-page","3":"status-publish","5":"wpautop","6":"entry","7":"override"},"acf":[],"yoast_head":"<!-- This site is optimized with the Yoast SEO plugin v27.2 - https:\/\/yoast.com\/product\/yoast-seo-wordpress\/ -->\n<title>Latest - Elterntalk Niedersachsen<\/title>\n<meta name=\"robots\" content=\"index, follow, max-snippet:-1, max-image-preview:large, max-video-preview:-1\" \/>\n<link rel=\"canonical\" href=\"https:\/\/elterntalk-niedersachsen.de\/aktuelles\/\" \/>\n<meta property=\"og:locale\" content=\"en_US\" \/>\n<meta property=\"og:type\" content=\"article\" \/>\n<meta property=\"og:title\" content=\"Latest - Elterntalk Niedersachsen\" \/>\n<meta property=\"og:description\" content=\"The latest Stay informed and find current topics and contributions here.\" \/>\n<meta property=\"og:url\" content=\"https:\/\/elterntalk-niedersachsen.de\/aktuelles\/\" \/>\n<meta property=\"og:site_name\" content=\"Elterntalk Niedersachsen\" \/>\n<meta property=\"article:modified_time\" content=\"2022-08-25T14:28:39+00:00\" \/>\n<meta name=\"twitter:card\" content=\"summary_large_image\" \/>\n<meta name=\"twitter:label1\" content=\"Est. reading time\" \/>\n\t<meta name=\"twitter:data1\" content=\"1 minute\" \/>\n<script type=\"application\/ld+json\" class=\"yoast-schema-graph\">{\"@context\":\"https:\/\/schema.org\",\"@graph\":[{\"@type\":\"WebPage\",\"@id\":\"https:\/\/elterntalk-niedersachsen.de\/aktuelles\/\",\"url\":\"https:\/\/elterntalk-niedersachsen.de\/aktuelles\/\",\"name\":\"Latest - Elterntalk Niedersachsen\",\"isPartOf\":{\"@id\":\"https:\/\/elterntalk-niedersachsen.de\/#website\"},\"datePublished\":\"2021-05-03T17:31:02+00:00\",\"dateModified\":\"2022-08-25T14:28:39+00:00\",\"breadcrumb\":{\"@id\":\"https:\/\/elterntalk-niedersachsen.de\/aktuelles\/#breadcrumb\"},\"inLanguage\":\"en-US\",\"potentialAction\":[{\"@type\":\"ReadAction\",\"target\":[\"https:\/\/elterntalk-niedersachsen.de\/aktuelles\/\"]}]},{\"@type\":\"BreadcrumbList\",\"@id\":\"https:\/\/elterntalk-niedersachsen.de\/aktuelles\/#breadcrumb\",\"itemListElement\":[{\"@type\":\"ListItem\",\"position\":1,\"name\":\"Startseite\",\"item\":\"https:\/\/elterntalk-niedersachsen.de\/en\/\"},{\"@type\":\"ListItem\",\"position\":2,\"name\":\"Latest\"}]},{\"@type\":\"WebSite\",\"@id\":\"https:\/\/elterntalk-niedersachsen.de\/#website\",\"url\":\"https:\/\/elterntalk-niedersachsen.de\/\",\"name\":\"Elterntalk Niedersachsen\",\"description\":\"Eltern zu Gast bei Eltern\",\"potentialAction\":[{\"@type\":\"SearchAction\",\"target\":{\"@type\":\"EntryPoint\",\"urlTemplate\":\"https:\/\/elterntalk-niedersachsen.de\/?s={search_term_string}\"},\"query-input\":{\"@type\":\"PropertyValueSpecification\",\"valueRequired\":true,\"valueName\":\"search_term_string\"}}],\"inLanguage\":\"en-US\"}]}<\/script>\n<!-- \/ Yoast SEO plugin. -->","yoast_head_json":{"title":"Latest - Elterntalk Niedersachsen","robots":{"index":"index","follow":"follow","max-snippet":"max-snippet:-1","max-image-preview":"max-image-preview:large","max-video-preview":"max-video-preview:-1"},"canonical":"https:\/\/elterntalk-niedersachsen.de\/aktuelles\/","og_locale":"en_US","og_type":"article","og_title":"Latest - Elterntalk Niedersachsen","og_description":"The latest Stay informed and find current topics and contributions here.","og_url":"https:\/\/elterntalk-niedersachsen.de\/aktuelles\/","og_site_name":"Elterntalk Niedersachsen","article_modified_time":"2022-08-25T14:28:39+00:00","twitter_card":"summary_large_image","twitter_misc":{"Est. reading time":"1 minute"},"schema":{"@context":"https:\/\/schema.org","@graph":[{"@type":"WebPage","@id":"https:\/\/elterntalk-niedersachsen.de\/aktuelles\/","url":"https:\/\/elterntalk-niedersachsen.de\/aktuelles\/","name":"Latest - Elterntalk Niedersachsen","isPartOf":{"@id":"https:\/\/elterntalk-niedersachsen.de\/#website"},"datePublished":"2021-05-03T17:31:02+00:00","dateModified":"2022-08-25T14:28:39+00:00","breadcrumb":{"@id":"https:\/\/elterntalk-niedersachsen.de\/aktuelles\/#breadcrumb"},"inLanguage":"en-US","potentialAction":[{"@type":"ReadAction","target":["https:\/\/elterntalk-niedersachsen.de\/aktuelles\/"]}]},{"@type":"BreadcrumbList","@id":"https:\/\/elterntalk-niedersachsen.de\/aktuelles\/#breadcrumb","itemListElement":[{"@type":"ListItem","position":1,"name":"Startseite","item":"https:\/\/elterntalk-niedersachsen.de\/en\/"},{"@type":"ListItem","position":2,"name":"Latest"}]},{"@type":"WebSite","@id":"https:\/\/elterntalk-niedersachsen.de\/#website","url":"https:\/\/elterntalk-niedersachsen.de\/","name":"Elterntalk Niedersachsen","description":"Eltern zu Gast bei Eltern","potentialAction":[{"@type":"SearchAction","target":{"@type":"EntryPoint","urlTemplate":"https:\/\/elterntalk-niedersachsen.de\/?s={search_term_string}"},"query-input":{"@type":"PropertyValueSpecification","valueRequired":true,"valueName":"search_term_string"}}],"inLanguage":"en-US"}]}},"_links":{"self":[{"href":"https:\/\/elterntalk-niedersachsen.de\/en\/wp-json\/wp\/v2\/pages\/2582","targetHints":{"allow":["GET"]}}],"collection":[{"href":"https:\/\/elterntalk-niedersachsen.de\/en\/wp-json\/wp\/v2\/pages"}],"about":[{"href":"https:\/\/elterntalk-niedersachsen.de\/en\/wp-json\/wp\/v2\/types\/page"}],"author":[{"embeddable":true,"href":"https:\/\/elterntalk-niedersachsen.de\/en\/wp-json\/wp\/v2\/users\/1"}],"replies":[{"embeddable":true,"href":"https:\/\/elterntalk-niedersachsen.de\/en\/wp-json\/wp\/v2\/comments?post=2582"}],"version-history":[{"count":0,"href":"https:\/\/elterntalk-niedersachsen.de\/en\/wp-json\/wp\/v2\/pages\/2582\/revisions"}],"wp:attachment":[{"href":"https:\/\/elterntalk-niedersachsen.de\/en\/wp-json\/wp\/v2\/media?parent=2582"}],"curies":[{"name":"wp","href":"https:\/\/api.w.org\/{rel}","templated":true}]}}